{"id":3263,"date":"2024-05-06T17:19:26","date_gmt":"2024-05-06T14:19:26","guid":{"rendered":"https:\/\/www.kalida.com.tr\/cami-halisi-referanslari\/"},"modified":"2026-03-27T10:47:52","modified_gmt":"2026-03-27T07:47:52","slug":"references-de-tapis-de-mosquee","status":"publish","type":"page","link":"https:\/\/www.kalida.com.tr\/fr\/references-de-tapis-de-mosquee\/","title":{"rendered":"R\u00e9f\u00e9rences de Tapis de Mosqu\u00e9e"},"content":{"rendered":"","protected":false},"excerpt":{"rendered":"","protected":false},"author":1,"featured_media":4151,"parent":0,"menu_order":0,"comment_status":"closed","ping_status":"closed","template":"page-referanslar.php","meta":{"_acf_changed":false,"footnotes":""},"class_list":["post-3263","page","type-page","status-publish","has-post-thumbnail","hentry"],"acf":[],"_links":{"self":[{"href":"https:\/\/www.kalida.com.tr\/fr\/wp-json\/wp\/v2\/pages\/3263","targetHints":{"allow":["GET"]}}],"collection":[{"href":"https:\/\/www.kalida.com.tr\/fr\/wp-json\/wp\/v2\/pages"}],"about":[{"href":"https:\/\/www.kalida.com.tr\/fr\/wp-json\/wp\/v2\/types\/page"}],"author":[{"embeddable":true,"href":"https:\/\/www.kalida.com.tr\/fr\/wp-json\/wp\/v2\/users\/1"}],"replies":[{"embeddable":true,"href":"https:\/\/www.kalida.com.tr\/fr\/wp-json\/wp\/v2\/comments?post=3263"}],"version-history":[{"count":23,"href":"https:\/\/www.kalida.com.tr\/fr\/wp-json\/wp\/v2\/pages\/3263\/revisions"}],"predecessor-version":[{"id":4632,"href":"https:\/\/www.kalida.com.tr\/fr\/wp-json\/wp\/v2\/pages\/3263\/revisions\/4632"}],"wp:featuredmedia":[{"embeddable":true,"href":"https:\/\/www.kalida.com.tr\/fr\/wp-json\/wp\/v2\/media\/4151"}],"wp:attachment":[{"href":"https:\/\/www.kalida.com.tr\/fr\/wp-json\/wp\/v2\/media?parent=3263"}],"curies":[{"name":"wp","href":"https:\/\/api.w.org\/{rel}","templated":true}]}}